{"id":1608,"date":"2017-02-06T20:54:07","date_gmt":"2017-02-06T19:54:07","guid":{"rendered":"http:\/\/zonnebloemameland.com\/wordpress\/?page_id=1173"},"modified":"2017-10-05T16:00:14","modified_gmt":"2017-10-05T14:00:14","slug":"ligging-2","status":"publish","type":"page","link":"https:\/\/zonnebloemameland.com\/en\/ligging-2\/","title":{"rendered":"Anfahrt und Lage"},"content":{"rendered":"<p><div class=\"fusion-fullwidth fullwidth-box fusion-builder-row-3 nonhundred-percent-fullwidth non-hundred-percent-height-scrolling\" style=\"--awb-border-radius-top-left:0px;--awb-border-radius-top-right:0px;--awb-border-radius-bottom-right:0px;--awb-border-radius-bottom-left:0px;--awb-padding-top:20px;--awb-padding-bottom:20px;--awb-flex-wrap:wrap;\" ><div class=\"fusion-builder-row fusion-row\"><div class=\"fusion-layout-column fusion_builder_column fusion-builder-column-5 fusion_builder_column_1_1 1_1 fusion-one-full fusion-column-first fusion-column-last\" style=\"--awb-bg-size:cover;\"><div class=\"fusion-column-wrapper fusion-flex-column-wrapper-legacy\"><div class=\"fusion-text fusion-text-4\"><h2><span style=\"color: #333333;\">Anfahrt und Lage<\/span><\/h2>\n<\/div><div class=\"fusion-clearfix\"><\/div><\/div><\/div><div class=\"fusion-layout-column fusion_builder_column fusion-builder-column-6 fusion_builder_column_1_2 1_2 fusion-one-half fusion-column-first\" style=\"--awb-padding-top:5px;--awb-padding-right:10px;--awb-padding-bottom:5px;--awb-padding-left:10px;--awb-bg-color:rgba(254,250,250,0.51);--awb-bg-color-hover:rgba(254,250,250,0.51);--awb-bg-size:cover;width:50%;width:calc(50% - ( ( 4% ) * 0.5 ) );margin-right: 4%;\"><div class=\"fusion-column-wrapper fusion-flex-column-wrapper-legacy\"><div class=\"fusion-text fusion-text-5\"><h3><span style=\"color: #333333;\">Zur Insel<\/span><\/h3>\n<h3><span style=\"color: #333333;\">\u00a0<\/span><\/h3>\n<p><span style=\"color: #000000; font-family: Times New Roman;\">Die F\u00e4hre von Holwerd nach Ameland f\u00e4hrt regelm\u00e4ssig. Fahrplan und Preise finden Sie auf der Website von Wagenborg Passagiersdiensten: <\/span><a href=\"http:\/\/www.wpd.nl\/\">www.wpd.nl<\/a><span style=\"color: #000000; font-family: Times New Roman;\">. Wenn Sie das Auto mitnehmen m\u00f6chten raten wir Ihnen, rechtzeitig zu reservieren. F\u00fcr Gruppen ab 15 Personen gibt es eine Erm\u00e4ssigung wenn Sie im Voraus reservieren.<\/span><\/p>\n<h3><\/h3>\n<\/div><div class=\"fusion-clearfix\"><\/div><\/div><\/div><div class=\"fusion-layout-column fusion_builder_column fusion-builder-column-7 fusion_builder_column_1_2 1_2 fusion-one-half fusion-column-last\" style=\"--awb-padding-top:5px;--awb-padding-right:10px;--awb-padding-bottom:5px;--awb-padding-left:10px;--awb-bg-color:rgba(254,250,250,0.51);--awb-bg-color-hover:rgba(254,250,250,0.51);--awb-bg-size:cover;width:50%;width:calc(50% - ( ( 4% ) * 0.5 ) );\"><div class=\"fusion-column-wrapper fusion-flex-column-wrapper-legacy\"><div class=\"fusion-text fusion-text-6\"><h3><span style=\"color: #333333;\">Auf dem Insel<\/span><\/h3>\n<p><span style=\"color: #000000; font-family: Times New Roman;\">Sobald Sie auf der Insel ankommen stehen Ihnen Busse und Taxen zur Verf\u00fcgung, die Sie in die verschiedenen D\u00f6rfer bringen.<\/span><\/p>\n<p><span style=\"color: #000000; font-family: Times New Roman;\">Mit dem Fahrrad sind Sie in 10 Minuten beim Haus Zonnebloem. Es gibt in Buren und Nes mehrere M\u00f6glichkeiten Fahrr\u00e4der zu mieten. Der Fahrradverleih kann die Fahrr\u00e4der auf Wunsch zum Hafen bringen und zus\u00e4tzlich bietet er einen Gep\u00e4ckservice f\u00fcr Hin- und R\u00fcckweg an. Wir raten Ihnen dies im Voraus zu buchen.<\/span><\/p>\n<p><span style=\"color: #000000; font-family: Times New Roman;\">Nach einer sch\u00f6nen Wanderung erreichen Sie unsere Gruppenunterkunft nach ca. einer halben Stunde.<\/span><\/p>\n<\/div><div class=\"fusion-clearfix\"><\/div><\/div><\/div><div class=\"fusion-layout-column fusion_builder_column fusion-builder-column-8 fusion_builder_column_1_1 1_1 fusion-one-full fusion-column-first fusion-column-last\" style=\"--awb-bg-size:cover;\"><div class=\"fusion-column-wrapper fusion-flex-column-wrapper-legacy\">\t\t\t\t\t<script type=\"text\/javascript\">\n\t\t\t\t\t\tvar map_fusion_map_69f9eff35f44c;\n\t\t\t\t\t\tvar markers = [];\n\t\t\t\t\t\tvar counter = 0;\n\t\t\t\t\t\t\t\t\t\t\t\tfunction fusion_run_map_fusion_map_69f9eff35f44c() {\n\t\t\t\t\t\t\tjQuery ('#fusion_map_69f9eff35f44c' ).fusion_maps( {\n\t\t\t\t\t\t\t\taddresses: [{\"address\":\"Willibrordusstraat 18, Buren-Ameland\",\"infobox_content\":\"Willibrordusstraat 18, Buren-Ameland\",\"coordinates\":false,\"cache\":true,\"latitude\":\"53.4449149\",\"longitude\":\"5.8006946000000426\"}],\n\t\t\t\t\t\t\t\tanimations: false,\n\t\t\t\t\t\t\t\tinfobox_background_color: '',\n\t\t\t\t\t\t\t\tinfobox_styling: 'default',\n\t\t\t\t\t\t\t\tinfobox_text_color: '',\n\t\t\t\t\t\t\t\tmap_style: 'default',\n\t\t\t\t\t\t\t\tmap_type: 'satellite',\n\t\t\t\t\t\t\t\tmarker_icon: '',\n\t\t\t\t\t\t\t\toverlay_color: '',\n\t\t\t\t\t\t\t\toverlay_color_hsl: {\"hue\":0,\"sat\":0,\"lum\":100},\n\t\t\t\t\t\t\t\tshow_address: true,\n\t\t\t\t\t\t\t\tscale_control: true,\n\t\t\t\t\t\t\t\tscrollwheel: true,\n\t\t\t\t\t\t\t\tzoom: 14,\n\t\t\t\t\t\t\t\tzoom_control: true,\n\t\t\t\t\t\t\t} );\n\t\t\t\t\t\t}\n\n\t\t\t\t\t\tgoogle.maps.event.addDomListener(window, 'load', fusion_run_map_fusion_map_69f9eff35f44c);\n\t\t\t\t\t<\/script>\n\t\t\t\t\t<div class=\"shortcode-map fusion-google-map fusion-maps-js-type\" id=\"fusion_map_69f9eff35f44c\"><\/div><div class=\"fusion-clearfix\"><\/div><\/div><\/div><\/div><\/div><div class=\"fusion-fullwidth fullwidth-box fusion-builder-row-4 nonhundred-percent-fullwidth non-hundred-percent-height-scrolling\" style=\"--awb-border-radius-top-left:0px;--awb-border-radius-top-right:0px;--awb-border-radius-bottom-right:0px;--awb-border-radius-bottom-left:0px;--awb-flex-wrap:wrap;\" ><div class=\"fusion-builder-row fusion-row\"><div class=\"fusion-layout-column fusion_builder_column fusion-builder-column-9 fusion_builder_column_1_1 1_1 fusion-one-full fusion-column-first fusion-column-last\" style=\"--awb-bg-size:cover;\"><div class=\"fusion-column-wrapper fusion-flex-column-wrapper-legacy\"><div class=\"fusion-clearfix\"><\/div><\/div><\/div><\/div><\/div><\/p>","protected":false},"excerpt":{"rendered":"","protected":false},"author":4,"featured_media":0,"parent":0,"menu_order":0,"comment_status":"closed","ping_status":"closed","template":"100-width.php","meta":{"footnotes":""},"class_list":["post-1608","page","type-page","status-publish","hentry"],"_links":{"self":[{"href":"https:\/\/zonnebloemameland.com\/en\/wp-json\/wp\/v2\/pages\/1608","targetHints":{"allow":["GET"]}}],"collection":[{"href":"https:\/\/zonnebloemameland.com\/en\/wp-json\/wp\/v2\/pages"}],"about":[{"href":"https:\/\/zonnebloemameland.com\/en\/wp-json\/wp\/v2\/types\/page"}],"author":[{"embeddable":true,"href":"https:\/\/zonnebloemameland.com\/en\/wp-json\/wp\/v2\/users\/4"}],"replies":[{"embeddable":true,"href":"https:\/\/zonnebloemameland.com\/en\/wp-json\/wp\/v2\/comments?post=1608"}],"version-history":[{"count":8,"href":"https:\/\/zonnebloemameland.com\/en\/wp-json\/wp\/v2\/pages\/1608\/revisions"}],"predecessor-version":[{"id":1740,"href":"https:\/\/zonnebloemameland.com\/en\/wp-json\/wp\/v2\/pages\/1608\/revisions\/1740"}],"wp:attachment":[{"href":"https:\/\/zonnebloemameland.com\/en\/wp-json\/wp\/v2\/media?parent=1608"}],"curies":[{"name":"wp","href":"https:\/\/api.w.org\/{rel}","templated":true}]}}