{"id":1607,"date":"2017-01-31T19:12:05","date_gmt":"2017-01-31T18:12:05","guid":{"rendered":"http:\/\/zonnebloemameland.com\/wordpress\/?page_id=810"},"modified":"2017-10-05T12:18:06","modified_gmt":"2017-10-05T10:18:06","slug":"gastenboek-2","status":"publish","type":"page","link":"https:\/\/zonnebloemameland.com\/en\/gastenboek-2\/","title":{"rendered":"G\u00e4stebuch"},"content":{"rendered":"<div class=\"fusion-fullwidth fullwidth-box fusion-builder-row-1 nonhundred-percent-fullwidth non-hundred-percent-height-scrolling\" style=\"--awb-border-radius-top-left:0px;--awb-border-radius-top-right:0px;--awb-border-radius-bottom-right:0px;--awb-border-radius-bottom-left:0px;--awb-padding-top:20px;--awb-padding-bottom:20px;--awb-flex-wrap:wrap;\" ><div class=\"fusion-builder-row fusion-row\"><div class=\"fusion-layout-column fusion_builder_column fusion-builder-column-0 fusion_builder_column_1_1 1_1 fusion-one-full fusion-column-first fusion-column-last\" style=\"--awb-bg-size:cover;\"><div class=\"fusion-column-wrapper fusion-flex-column-wrapper-legacy\"><div class=\"fusion-title title fusion-title-1 fusion-sep-none fusion-title-text fusion-title-size-one\"><h1 class=\"fusion-title-heading title-heading-left fusion-responsive-typography-calculated\" style=\"margin:0;--fontSize:60;line-height:1.33;\"><h2><span style=\"color: #333333;\">G\u00e4stebuch<\/span><\/h2><\/h1><\/div><div class=\"fusion-clearfix\"><\/div><\/div><\/div><div class=\"fusion-layout-column fusion_builder_column fusion-builder-column-1 fusion_builder_column_1_1 1_1 fusion-one-full fusion-column-first fusion-column-last\" style=\"--awb-padding-top:5px;--awb-padding-right:10px;--awb-padding-bottom:5px;--awb-padding-left:10px;--awb-bg-color:rgba(254,250,250,0.51);--awb-bg-color-hover:rgba(254,250,250,0.51);--awb-bg-size:cover;\"><div class=\"fusion-column-wrapper fusion-flex-column-wrapper-legacy\"><div class=\"fusion-text fusion-text-1\"><p><span style=\"color: #000000; font-family: Times New Roman;\">Wir sind neugierig \u00fcber Ihre Erfahrungen. Wir freuen uns \u00fcber Ihre R\u00fcckmeldung!<\/span><\/p>\n<p><span style=\"color: #000000; font-family: Times New Roman;\">\u00a0<\/span><\/p>\n<\/div><div class=\"fusion-clearfix\"><\/div><\/div><\/div><div class=\"fusion-layout-column fusion_builder_column fusion-builder-column-2 fusion_builder_column_1_1 1_1 fusion-one-full fusion-column-first fusion-column-last\" style=\"--awb-bg-size:cover;\"><div class=\"fusion-column-wrapper fusion-flex-column-wrapper-legacy\">[Einen Eintrag verfassen]<div class=\"fusion-clearfix\"><\/div><\/div><\/div><\/div><\/div>\n","protected":false},"excerpt":{"rendered":"","protected":false},"author":4,"featured_media":0,"parent":0,"menu_order":0,"comment_status":"closed","ping_status":"closed","template":"100-width.php","meta":{"footnotes":""},"class_list":["post-1607","page","type-page","status-publish","hentry"],"_links":{"self":[{"href":"https:\/\/zonnebloemameland.com\/en\/wp-json\/wp\/v2\/pages\/1607","targetHints":{"allow":["GET"]}}],"collection":[{"href":"https:\/\/zonnebloemameland.com\/en\/wp-json\/wp\/v2\/pages"}],"about":[{"href":"https:\/\/zonnebloemameland.com\/en\/wp-json\/wp\/v2\/types\/page"}],"author":[{"embeddable":true,"href":"https:\/\/zonnebloemameland.com\/en\/wp-json\/wp\/v2\/users\/4"}],"replies":[{"embeddable":true,"href":"https:\/\/zonnebloemameland.com\/en\/wp-json\/wp\/v2\/comments?post=1607"}],"version-history":[{"count":6,"href":"https:\/\/zonnebloemameland.com\/en\/wp-json\/wp\/v2\/pages\/1607\/revisions"}],"predecessor-version":[{"id":1692,"href":"https:\/\/zonnebloemameland.com\/en\/wp-json\/wp\/v2\/pages\/1607\/revisions\/1692"}],"wp:attachment":[{"href":"https:\/\/zonnebloemameland.com\/en\/wp-json\/wp\/v2\/media?parent=1607"}],"curies":[{"name":"wp","href":"https:\/\/api.w.org\/{rel}","templated":true}]}}